{"id":2267,"date":"2024-08-09T13:38:17","date_gmt":"2024-08-09T10:38:17","guid":{"rendered":"https:\/\/www.geopool.fi\/maanomistajalle\/"},"modified":"2024-10-30T13:56:59","modified_gmt":"2024-10-30T11:56:59","slug":"for-markagare","status":"publish","type":"page","link":"https:\/\/geopool.wikstrommedia.dev\/sv\/for-markagare\/","title":{"rendered":"F\u00f6r mark\u00e4gare"},"content":{"rendered":"\n<div class=\"wp-block-cover is-light py-0 wm-header -full\"><span aria-hidden=\"true\" class=\"wp-block-cover__background has-background-dim\"><\/span><img decoding=\"async\" width=\"1920\" height=\"980\" class=\"wp-block-cover__image-background wp-image-1814\" alt=\"\" src=\"https:\/\/geopool.wikstrommedia.dev\/wp-content\/uploads\/2024\/08\/mask-group-26.jpg\" data-object-fit=\"cover\" srcset=\"https:\/\/geopool.wikstrommedia.dev\/wp-content\/uploads\/2024\/08\/mask-group-26.jpg 1920w, https:\/\/geopool.wikstrommedia.dev\/wp-content\/uploads\/2024\/08\/mask-group-26-500x255.jpg 500w, https:\/\/geopool.wikstrommedia.dev\/wp-content\/uploads\/2024\/08\/mask-group-26-1024x523.jpg 1024w, https:\/\/geopool.wikstrommedia.dev\/wp-content\/uploads\/2024\/08\/mask-group-26-768x392.jpg 768w, https:\/\/geopool.wikstrommedia.dev\/wp-content\/uploads\/2024\/08\/mask-group-26-1536x784.jpg 1536w\" sizes=\"(max-width: 1920px) 100vw, 1920px\" \/><div class=\"wp-block-cover__inner-container\">\n<div class=\"wp-block-columns wm-header -full justify-content-center row\">\n<div class=\"wp-block-column col col-md-6 col-12\">\n<h1 class=\"wp-block-heading wm-rfs-h-80\">F\u00d6R MARK\u00c4GARE<\/h1>\n\n\n\n<p class=\"has-base-3-color has-text-color\"><strong>Dessa webbsidor riktar sig till dig som f\u00e5tt brev eller e-post fr\u00e5n GeoPool.<\/strong><\/p>\n\n\n\n<p class=\"has-base-3-color has-text-color\">H\u00e4r hittar du \u00f6versiktlig information om malmletning och tillst\u00e5ndsf\u00f6rfaranden, mark\u00e4garens r\u00e4ttigheter, prospekt\u00f6rens skyldigheter samt g\u00e4llande lagstiftning. Vi tillhandah\u00e5ller ocks\u00e5 anv\u00e4ndbara l\u00e4nkar till olika guider och webbplatser.<\/p>\n<\/div>\n\n\n\n<div class=\"wp-block-column col col-md-6 col-12\"><\/div>\n<\/div>\n\n\n\r\n    <div class=\"wm-scrollArrow\">\r\n      <a class=\"anchor-link\" href=\"#informationspaket-for-markagare\">\r\n        <span class=\"wm-mouseIcon\">\r\n          <span class=\"wm-mouseIcon__dot\"><\/span>\r\n          <i class=\"fal fa-arrow-down\"><\/i>\r\n        <\/span> \r\n      <\/a>\r\n    <\/div>\r\n\r\n    \n<\/div><\/div>\n\n\n\n<div id=\"informationspaket-for-markagare\" class=\"wp-block-group has-pattern has-pattern-top-left -left-v1 has-pattern-bottom-right -right-v1 wm-blockColor -bcCrowberry-blue\"><div class=\"wp-block-group__inner-container\">\n<div class=\"wp-block-columns row\">\n<div class=\"wp-block-column col col-md-8 col-12\">\n<h2 class=\"wp-block-heading wm-rfs-h3\">Informationspaket f\u00f6r mark\u00e4gare<\/h2>\n\n\n\n<p class=\"wm-mb-6\">Vi fungerar som en l\u00e4nk mellan v\u00e5ra kunder (malmletningsbolag) och mark\u00e4gare, f\u00f6r att s\u00e4kerst\u00e4lla ett s\u00e5 smidigt servicepaket som m\u00f6jligt. V\u00e5r service syftar till att mark\u00e4garnas r\u00e4ttigheter ska respekteras och att v\u00e5ra kunder ska uppfylla alla krav i gruvlagen. Vi v\u00e4gleder v\u00e5ra kunder i ansvarsfull malmletning och i att anv\u00e4nda b\u00e4sta praxis i sin verksamhet. Gruvindustrin gynnas av ett n\u00e4ra samarbete mellan mark\u00e4gare och prospekt\u00f6rer, vilket kr\u00e4ver en \u00f6ppen och tydlig kommunikation.<\/p>\n<\/div>\n\n\n\n<div class=\"wp-block-column col col-md-4 col-12\"><\/div>\n<\/div>\n\n\n\n<div class=\"wp-block-columns row\">\n<div class=\"wp-block-column col\">    <div class=\"wm-landownerCards\">\r\n      <div class=\"row justify-content-center\"> \r\n                  <div class=\"col-12 col-sm-6 col-lg-3\">\r\n              <div class=\"wm-fullBgImage-card\">\r\n                <div class=\"wm-fullBgImage-card__background\">\r\n                    <img decoding=\"async\" width=\"327\" height=\"593\" src=\"https:\/\/geopool.wikstrommedia.dev\/wp-content\/uploads\/2024\/08\/group-14109.jpg\" class=\"attachment-full size-full wp-post-image\" alt=\"\" srcset=\"https:\/\/geopool.wikstrommedia.dev\/wp-content\/uploads\/2024\/08\/group-14109.jpg 327w, https:\/\/geopool.wikstrommedia.dev\/wp-content\/uploads\/2024\/08\/group-14109-276x500.jpg 276w\" sizes=\"(max-width: 327px) 100vw, 327px\" \/>                    <h4>Allm\u00e4n information om malmletning och f\u00e4ltarbete<\/h4>\r\n                <\/div>\r\n                <div class=\"wp-block-buttons\">\r\n                    <div class=\"wp-block-button\">\r\n                      <a class=\"wp-block-button__link\" href=\"https:\/\/geopool.wikstrommedia.dev\/sv\/for-markagare\/allman-information-om-malmletning-och-faltarbete\/\">L\u00e4s mer<\/a> \r\n                    <\/div> \r\n                  <\/div>\r\n              <\/div>\r\n          <\/div>\r\n                    <div class=\"col-12 col-sm-6 col-lg-3\">\r\n              <div class=\"wm-fullBgImage-card\">\r\n                <div class=\"wm-fullBgImage-card__background\">\r\n                    <img decoding=\"async\" width=\"327\" height=\"593\" src=\"https:\/\/geopool.wikstrommedia.dev\/wp-content\/uploads\/2024\/08\/group-14110.jpg\" class=\"attachment-full size-full wp-post-image\" alt=\"\" srcset=\"https:\/\/geopool.wikstrommedia.dev\/wp-content\/uploads\/2024\/08\/group-14110.jpg 327w, https:\/\/geopool.wikstrommedia.dev\/wp-content\/uploads\/2024\/08\/group-14110-276x500.jpg 276w\" sizes=\"(max-width: 327px) 100vw, 327px\" \/>                    <h4>Malmletning och gruvlagen<\/h4>\r\n                <\/div>\r\n                <div class=\"wp-block-buttons\">\r\n                    <div class=\"wp-block-button\">\r\n                      <a class=\"wp-block-button__link\" href=\"https:\/\/geopool.wikstrommedia.dev\/sv\/for-markagare\/malmletning-och-gruvlagen\/\">L\u00e4s mer<\/a> \r\n                    <\/div> \r\n                  <\/div>\r\n              <\/div>\r\n          <\/div>\r\n                    <div class=\"col-12 col-sm-6 col-lg-3\">\r\n              <div class=\"wm-fullBgImage-card\">\r\n                <div class=\"wm-fullBgImage-card__background\">\r\n                    <img decoding=\"async\" width=\"327\" height=\"593\" src=\"https:\/\/geopool.wikstrommedia.dev\/wp-content\/uploads\/2024\/08\/group-14111.jpg\" class=\"attachment-full size-full wp-post-image\" alt=\"\" srcset=\"https:\/\/geopool.wikstrommedia.dev\/wp-content\/uploads\/2024\/08\/group-14111.jpg 327w, https:\/\/geopool.wikstrommedia.dev\/wp-content\/uploads\/2024\/08\/group-14111-276x500.jpg 276w\" sizes=\"(max-width: 327px) 100vw, 327px\" \/>                    <h4>Vanliga fr\u00e5gor och svar<\/h4>\r\n                <\/div>\r\n                <div class=\"wp-block-buttons\">\r\n                    <div class=\"wp-block-button\">\r\n                      <a class=\"wp-block-button__link\" href=\"https:\/\/geopool.wikstrommedia.dev\/sv\/for-markagare\/vanliga-fragor-och-svar\/\">L\u00e4s mer<\/a> \r\n                    <\/div> \r\n                  <\/div>\r\n              <\/div>\r\n          <\/div>\r\n                    <div class=\"col-12 col-sm-6 col-lg-3\">\r\n              <div class=\"wm-fullBgImage-card\">\r\n                <div class=\"wm-fullBgImage-card__background\">\r\n                    <img decoding=\"async\" width=\"327\" height=\"593\" src=\"https:\/\/geopool.wikstrommedia.dev\/wp-content\/uploads\/2024\/08\/group-14112.jpg\" class=\"attachment-full size-full wp-post-image\" alt=\"\" srcset=\"https:\/\/geopool.wikstrommedia.dev\/wp-content\/uploads\/2024\/08\/group-14112.jpg 327w, https:\/\/geopool.wikstrommedia.dev\/wp-content\/uploads\/2024\/08\/group-14112-276x500.jpg 276w\" sizes=\"(max-width: 327px) 100vw, 327px\" \/>                    <h4>S\u00e5 behandlar GeoPool personuppgifter<\/h4>\r\n                <\/div>\r\n                <div class=\"wp-block-buttons\">\r\n                    <div class=\"wp-block-button\">\r\n                      <a class=\"wp-block-button__link\" href=\"https:\/\/geopool.wikstrommedia.dev\/sv\/for-markagare\/sa-behandlar-geopool-personuppgifter\/\">L\u00e4s mer<\/a> \r\n                    <\/div> \r\n                  <\/div>\r\n              <\/div>\r\n          <\/div>\r\n                <\/div>\r\n    <\/div>    \r\n    \n<\/div>\n<\/div>\n<\/div><\/div>\n\n\n\n<div class=\"wp-block-group wm-blockColor -bcOpal wm-pt-12 pb-0\"><div class=\"wp-block-group__inner-container\">\n<div class=\"wp-block-columns align-items-end gx-4 row\">\n<div class=\"wp-block-column col col-md-6 col-12\">\n<h2 class=\"wp-block-heading wm-rfs-h3\">Kontakt via brev, e-post eller telefon<\/h2>\n\n\n\r\n<div class=\"wm-pb-12\"> \r\n    \n\n<p>Samspelet mellan mark\u00e4gare och prospekt\u00f6rer \u00e4r centralt f\u00f6r all malmletningsverksamhet. Vi kontaktar dig om din fastighet inbegrips i v\u00e5r kunds f\u00f6rbeh\u00e5llsanm\u00e4lan, malmletningstillst\u00e5nd eller gruvtillst\u00e5ndsomr\u00e5de.<\/p>\n\n\n\n<p>V\u00e5r kontakt med mark\u00e4gare handlar oftast om ers\u00e4ttningsfr\u00e5gor, f\u00e4ltarbetsplaner och tillh\u00f6rande f\u00f6rtydliganden eller avtal.<\/p>\n\n\n\n<p>Vi kan kontakta dig antingen per brev i GeoPool Oy:s namn, via e-post fr\u00e5n avs\u00e4ndaren lupaasiat@geopool.fi eller per telefon. GeoPools telefonjour svarar p\u00e5 mark\u00e4gares fr\u00e5gor <strong>vardagar kl. 9\u201315, tel. 040 129 34 15.<\/strong><\/p>\n\n \r\n<\/div><\/div>\n\n\n\n<div class=\"wp-block-column col col-md-6 col-12\">\n<figure class=\"wp-block-image size-full mb-0\"><img decoding=\"async\" width=\"722\" height=\"630\" src=\"https:\/\/geopool.wikstrommedia.dev\/wp-content\/uploads\/2024\/10\/startsida_kontaktbild.png\" alt=\"\" class=\"wp-image-2286\" srcset=\"https:\/\/geopool.wikstrommedia.dev\/wp-content\/uploads\/2024\/10\/startsida_kontaktbild.png 722w, https:\/\/geopool.wikstrommedia.dev\/wp-content\/uploads\/2024\/10\/startsida_kontaktbild-500x436.png 500w\" sizes=\"(max-width: 722px) 100vw, 722px\" \/><\/figure>\n<\/div>\n<\/div>\n<\/div><\/div>\n","protected":false},"excerpt":{"rendered":"<p>Informationspaket f\u00f6r mark\u00e4gare Vi fungerar som en l\u00e4nk mellan v\u00e5ra kunder (malmletningsbolag) och mark\u00e4gare, f\u00f6r att s\u00e4kerst\u00e4lla ett s\u00e5 smidigt servicepaket som m\u00f6jligt. V\u00e5r service syftar till att mark\u00e4garnas r\u00e4ttigheter ska respekteras och att v\u00e5ra kunder ska uppfylla alla krav i gruvlagen. Vi v\u00e4gleder v\u00e5ra kunder i ansvarsfull malmletning och i att anv\u00e4nda b\u00e4sta praxis &#8230; <a title=\"F\u00f6r mark\u00e4gare\" class=\"read-more\" href=\"https:\/\/geopool.wikstrommedia.dev\/sv\/for-markagare\/\" aria-label=\"L\u00e4s mer om F\u00f6r mark\u00e4gare\">L\u00e4s mer<\/a><\/p>\n","protected":false},"author":2,"featured_media":0,"parent":0,"menu_order":0,"comment_status":"closed","ping_status":"closed","template":"","meta":{"inline_featured_image":false,"footnotes":""},"class_list":["post-2267","page","type-page","status-publish"],"yoast_head":"<!-- This site is optimized with the Yoast SEO plugin v24.3 - https:\/\/yoast.com\/wordpress\/plugins\/seo\/ -->\n<title>F\u00f6r mark\u00e4gare - Main site<\/title>\n<meta name=\"robots\" content=\"index, follow, max-snippet:-1, max-image-preview:large, max-video-preview:-1\" \/>\n<link rel=\"canonical\" href=\"https:\/\/geopool.wikstrommedia.dev\/sv\/for-markagare\/\" \/>\n<meta property=\"og:locale\" content=\"sv_SE\" \/>\n<meta property=\"og:type\" content=\"article\" \/>\n<meta property=\"og:title\" content=\"F\u00f6r mark\u00e4gare - Main site\" \/>\n<meta property=\"og:description\" content=\"Informationspaket f\u00f6r mark\u00e4gare Vi fungerar som en l\u00e4nk mellan v\u00e5ra kunder (malmletningsbolag) och mark\u00e4gare, f\u00f6r att s\u00e4kerst\u00e4lla ett s\u00e5 smidigt servicepaket som m\u00f6jligt. V\u00e5r service syftar till att mark\u00e4garnas r\u00e4ttigheter ska respekteras och att v\u00e5ra kunder ska uppfylla alla krav i gruvlagen. Vi v\u00e4gleder v\u00e5ra kunder i ansvarsfull malmletning och i att anv\u00e4nda b\u00e4sta praxis ... L\u00e4s mer\" \/>\n<meta property=\"og:url\" content=\"https:\/\/geopool.wikstrommedia.dev\/sv\/for-markagare\/\" \/>\n<meta property=\"og:site_name\" content=\"Main site\" \/>\n<meta property=\"article:modified_time\" content=\"2024-10-30T11:56:59+00:00\" \/>\n<meta property=\"og:image\" content=\"https:\/\/geopool.wikstrommedia.dev\/wp-content\/uploads\/2024\/08\/mask-group-26.jpg\" \/>\n<meta name=\"twitter:card\" content=\"summary_large_image\" \/>\n<meta name=\"twitter:label1\" content=\"Ber\u00e4knad l\u00e4stid\" \/>\n\t<meta name=\"twitter:data1\" content=\"1 minut\" \/>\n<script type=\"application\/ld+json\" class=\"yoast-schema-graph\">{\"@context\":\"https:\/\/schema.org\",\"@graph\":[{\"@type\":\"WebPage\",\"@id\":\"https:\/\/geopool.wikstrommedia.dev\/sv\/for-markagare\/\",\"url\":\"https:\/\/geopool.wikstrommedia.dev\/sv\/for-markagare\/\",\"name\":\"F\u00f6r mark\u00e4gare - Main site\",\"isPartOf\":{\"@id\":\"https:\/\/geopool.wikstrommedia.dev\/#website\"},\"primaryImageOfPage\":{\"@id\":\"https:\/\/geopool.wikstrommedia.dev\/sv\/for-markagare\/#primaryimage\"},\"image\":{\"@id\":\"https:\/\/geopool.wikstrommedia.dev\/sv\/for-markagare\/#primaryimage\"},\"thumbnailUrl\":\"https:\/\/geopool.wikstrommedia.dev\/wp-content\/uploads\/2024\/08\/mask-group-26.jpg\",\"datePublished\":\"2024-08-09T10:38:17+00:00\",\"dateModified\":\"2024-10-30T11:56:59+00:00\",\"breadcrumb\":{\"@id\":\"https:\/\/geopool.wikstrommedia.dev\/sv\/for-markagare\/#breadcrumb\"},\"inLanguage\":\"sv-SE\",\"potentialAction\":[{\"@type\":\"ReadAction\",\"target\":[\"https:\/\/geopool.wikstrommedia.dev\/sv\/for-markagare\/\"]}]},{\"@type\":\"ImageObject\",\"inLanguage\":\"sv-SE\",\"@id\":\"https:\/\/geopool.wikstrommedia.dev\/sv\/for-markagare\/#primaryimage\",\"url\":\"https:\/\/geopool.wikstrommedia.dev\/wp-content\/uploads\/2024\/08\/mask-group-26.jpg\",\"contentUrl\":\"https:\/\/geopool.wikstrommedia.dev\/wp-content\/uploads\/2024\/08\/mask-group-26.jpg\"},{\"@type\":\"BreadcrumbList\",\"@id\":\"https:\/\/geopool.wikstrommedia.dev\/sv\/for-markagare\/#breadcrumb\",\"itemListElement\":[{\"@type\":\"ListItem\",\"position\":1,\"name\":\"Home\",\"item\":\"https:\/\/geopool.wikstrommedia.dev\/\"},{\"@type\":\"ListItem\",\"position\":2,\"name\":\"F\u00f6r mark\u00e4gare\"}]},{\"@type\":\"WebSite\",\"@id\":\"https:\/\/geopool.wikstrommedia.dev\/#website\",\"url\":\"https:\/\/geopool.wikstrommedia.dev\/\",\"name\":\"Main site\",\"description\":\"Discovering together\",\"publisher\":{\"@id\":\"https:\/\/geopool.wikstrommedia.dev\/#organization\"},\"potentialAction\":[{\"@type\":\"SearchAction\",\"target\":{\"@type\":\"EntryPoint\",\"urlTemplate\":\"https:\/\/geopool.wikstrommedia.dev\/?s={search_term_string}\"},\"query-input\":{\"@type\":\"PropertyValueSpecification\",\"valueRequired\":true,\"valueName\":\"search_term_string\"}}],\"inLanguage\":\"sv-SE\"},{\"@type\":\"Organization\",\"@id\":\"https:\/\/geopool.wikstrommedia.dev\/#organization\",\"name\":\"Main site\",\"url\":\"https:\/\/geopool.wikstrommedia.dev\/\",\"logo\":{\"@type\":\"ImageObject\",\"inLanguage\":\"sv-SE\",\"@id\":\"https:\/\/geopool.wikstrommedia.dev\/#\/schema\/logo\/image\/\",\"url\":\"https:\/\/geopool.wikstrommedia.dev\/wp-content\/uploads\/2022\/01\/geopool_logo.svg\",\"contentUrl\":\"https:\/\/geopool.wikstrommedia.dev\/wp-content\/uploads\/2022\/01\/geopool_logo.svg\",\"caption\":\"Main site\"},\"image\":{\"@id\":\"https:\/\/geopool.wikstrommedia.dev\/#\/schema\/logo\/image\/\"}}]}<\/script>\n<!-- \/ Yoast SEO plugin. -->","yoast_head_json":{"title":"F\u00f6r mark\u00e4gare - Main site","robots":{"index":"index","follow":"follow","max-snippet":"max-snippet:-1","max-image-preview":"max-image-preview:large","max-video-preview":"max-video-preview:-1"},"canonical":"https:\/\/geopool.wikstrommedia.dev\/sv\/for-markagare\/","og_locale":"sv_SE","og_type":"article","og_title":"F\u00f6r mark\u00e4gare - Main site","og_description":"Informationspaket f\u00f6r mark\u00e4gare Vi fungerar som en l\u00e4nk mellan v\u00e5ra kunder (malmletningsbolag) och mark\u00e4gare, f\u00f6r att s\u00e4kerst\u00e4lla ett s\u00e5 smidigt servicepaket som m\u00f6jligt. V\u00e5r service syftar till att mark\u00e4garnas r\u00e4ttigheter ska respekteras och att v\u00e5ra kunder ska uppfylla alla krav i gruvlagen. Vi v\u00e4gleder v\u00e5ra kunder i ansvarsfull malmletning och i att anv\u00e4nda b\u00e4sta praxis ... L\u00e4s mer","og_url":"https:\/\/geopool.wikstrommedia.dev\/sv\/for-markagare\/","og_site_name":"Main site","article_modified_time":"2024-10-30T11:56:59+00:00","og_image":[{"url":"https:\/\/geopool.wikstrommedia.dev\/wp-content\/uploads\/2024\/08\/mask-group-26.jpg","type":"","width":"","height":""}],"twitter_card":"summary_large_image","twitter_misc":{"Ber\u00e4knad l\u00e4stid":"1 minut"},"schema":{"@context":"https:\/\/schema.org","@graph":[{"@type":"WebPage","@id":"https:\/\/geopool.wikstrommedia.dev\/sv\/for-markagare\/","url":"https:\/\/geopool.wikstrommedia.dev\/sv\/for-markagare\/","name":"F\u00f6r mark\u00e4gare - Main site","isPartOf":{"@id":"https:\/\/geopool.wikstrommedia.dev\/#website"},"primaryImageOfPage":{"@id":"https:\/\/geopool.wikstrommedia.dev\/sv\/for-markagare\/#primaryimage"},"image":{"@id":"https:\/\/geopool.wikstrommedia.dev\/sv\/for-markagare\/#primaryimage"},"thumbnailUrl":"https:\/\/geopool.wikstrommedia.dev\/wp-content\/uploads\/2024\/08\/mask-group-26.jpg","datePublished":"2024-08-09T10:38:17+00:00","dateModified":"2024-10-30T11:56:59+00:00","breadcrumb":{"@id":"https:\/\/geopool.wikstrommedia.dev\/sv\/for-markagare\/#breadcrumb"},"inLanguage":"sv-SE","potentialAction":[{"@type":"ReadAction","target":["https:\/\/geopool.wikstrommedia.dev\/sv\/for-markagare\/"]}]},{"@type":"ImageObject","inLanguage":"sv-SE","@id":"https:\/\/geopool.wikstrommedia.dev\/sv\/for-markagare\/#primaryimage","url":"https:\/\/geopool.wikstrommedia.dev\/wp-content\/uploads\/2024\/08\/mask-group-26.jpg","contentUrl":"https:\/\/geopool.wikstrommedia.dev\/wp-content\/uploads\/2024\/08\/mask-group-26.jpg"},{"@type":"BreadcrumbList","@id":"https:\/\/geopool.wikstrommedia.dev\/sv\/for-markagare\/#breadcrumb","itemListElement":[{"@type":"ListItem","position":1,"name":"Home","item":"https:\/\/geopool.wikstrommedia.dev\/"},{"@type":"ListItem","position":2,"name":"F\u00f6r mark\u00e4gare"}]},{"@type":"WebSite","@id":"https:\/\/geopool.wikstrommedia.dev\/#website","url":"https:\/\/geopool.wikstrommedia.dev\/","name":"Main site","description":"Discovering together","publisher":{"@id":"https:\/\/geopool.wikstrommedia.dev\/#organization"},"potentialAction":[{"@type":"SearchAction","target":{"@type":"EntryPoint","urlTemplate":"https:\/\/geopool.wikstrommedia.dev\/?s={search_term_string}"},"query-input":{"@type":"PropertyValueSpecification","valueRequired":true,"valueName":"search_term_string"}}],"inLanguage":"sv-SE"},{"@type":"Organization","@id":"https:\/\/geopool.wikstrommedia.dev\/#organization","name":"Main site","url":"https:\/\/geopool.wikstrommedia.dev\/","logo":{"@type":"ImageObject","inLanguage":"sv-SE","@id":"https:\/\/geopool.wikstrommedia.dev\/#\/schema\/logo\/image\/","url":"https:\/\/geopool.wikstrommedia.dev\/wp-content\/uploads\/2022\/01\/geopool_logo.svg","contentUrl":"https:\/\/geopool.wikstrommedia.dev\/wp-content\/uploads\/2022\/01\/geopool_logo.svg","caption":"Main site"},"image":{"@id":"https:\/\/geopool.wikstrommedia.dev\/#\/schema\/logo\/image\/"}}]}},"_links":{"self":[{"href":"https:\/\/geopool.wikstrommedia.dev\/sv\/wp-json\/wp\/v2\/pages\/2267","targetHints":{"allow":["GET"]}}],"collection":[{"href":"https:\/\/geopool.wikstrommedia.dev\/sv\/wp-json\/wp\/v2\/pages"}],"about":[{"href":"https:\/\/geopool.wikstrommedia.dev\/sv\/wp-json\/wp\/v2\/types\/page"}],"author":[{"embeddable":true,"href":"https:\/\/geopool.wikstrommedia.dev\/sv\/wp-json\/wp\/v2\/users\/2"}],"replies":[{"embeddable":true,"href":"https:\/\/geopool.wikstrommedia.dev\/sv\/wp-json\/wp\/v2\/comments?post=2267"}],"version-history":[{"count":0,"href":"https:\/\/geopool.wikstrommedia.dev\/sv\/wp-json\/wp\/v2\/pages\/2267\/revisions"}],"wp:attachment":[{"href":"https:\/\/geopool.wikstrommedia.dev\/sv\/wp-json\/wp\/v2\/media?parent=2267"}],"curies":[{"name":"wp","href":"https:\/\/api.w.org\/{rel}","templated":true}]}}