{"id":511,"date":"2021-11-12T16:32:23","date_gmt":"2021-11-12T14:32:23","guid":{"rendered":"https:\/\/geopool.dev.wikstrommedia.fi\/?page_id=511"},"modified":"2024-03-26T13:01:13","modified_gmt":"2024-03-26T11:01:13","slug":"start","status":"publish","type":"page","link":"https:\/\/geopool.wikstrommedia.dev\/fi\/start\/","title":{"rendered":"Etusivu"},"content":{"rendered":"\n<div class=\"wp-block-cover is-light is-repeated py-0 wm-frontPageHeaderContainer wm-blockColor -bcTransparent\"><span aria-hidden=\"true\" class=\"wp-block-cover__background has-background-dim\"><\/span><div role=\"img\" class=\"wp-block-cover__image-background wp-image-60 is-repeated\" style=\"background-position:50% 50%;background-image:url(https:\/\/geopool.wikstrommedia.dev\/wp-content\/uploads\/2022\/01\/geokemiallista-naytteenottoa-2.png)\"><\/div><div class=\"wp-block-cover__inner-container\">\n<div class=\"wp-block-columns wm-header -full justify-content-center row\">\n<div class=\"wp-block-column col\">\n<h1 class=\"wp-block-heading has-text-align-center wm-rfs-h-144\">DISCOVERING<br>TOGETHER<\/h1>\n\n\n\n<div class=\"wp-block-columns justify-content-center row\">\n<div class=\"wp-block-column col col-md-7 col-sm-9 col-12\">\n<p class=\"has-text-align-center\">GeoPool tarjoaa asiantuntijapalveluita malminetsint\u00e4\u00e4n ja geologiseen tutkimukseen. Olemme paikallinen kumppaninne kaikissa malminetsinn\u00e4n vaiheissa.<\/p>\n<\/div>\n<\/div>\n\n\n\r\n    <div class=\"wm-scrollArrow\">\r\n      <a class=\"anchor-link\" href=\"#services\">\r\n        <span class=\"wm-mouseIcon\">\r\n          <span class=\"wm-mouseIcon__dot\"><\/span>\r\n          <i class=\"fal fa-arrow-down\"><\/i>\r\n        <\/span> \r\n      <\/a>\r\n    <\/div>\r\n\r\n    \n\n\n\r\n    <div class=\"wm-some\">\r\n        <a href='https:\/\/www.facebook.com\/geopoolLtd' target='_blank' rel='nofollow'><i class='fab fa-facebook-f'><\/i><\/a><a href='https:\/\/www.instagram.com\/geopool_ltd\/' target='_blank' rel='nofollow'><i class='fab fa-instagram'><\/i><\/a><a href='https:\/\/twitter.com\/GeoPool_Ltd' target='_blank' rel='nofollow'><i class='fab fa-twitter'><\/i><\/a><a href='https:\/\/www.linkedin.com\/company\/ab-scandinavian-geopool-ltd\/' target='_blank' rel='nofollow'><i class='fab fa-linkedin-in'><\/i><\/a>            \r\n    <\/div>\r\n\r\n    \n<\/div>\n<\/div>\n\n\n\n<div class=\"wp-block-columns wm-pt-vertical-section row\" id=\"services\">\n<div class=\"wp-block-column col\"><div class=\"wm-separator -center wm-mb-headings\">   \r\n    <div class=\"wm-separator__inner\">\r\n        \n\n<h4 class=\"wp-block-heading\">01<\/h4>\n\n     \r\n    <\/div>  \r\n<\/div>\n\n\n<h2 class=\"wp-block-heading has-text-align-center wm-mb-12\">PALVELUMME<\/h2>\n\n\n\n<div class=\"wp-block-columns row\">\n<div class=\"wp-block-column col\">    <div class=\"row wm-serviceCards justify-content-center\"> \r\n              <div class=\"col-12 col-sm-6 col-lg-4\"> \r\n            <div class=\"wm-card\">\r\n              <div class=\"wm-card__inner\">\r\n                <div>\r\n                  <div class=\"wm-card__image\">\r\n                      <img decoding=\"async\" width=\"424\" height=\"209\" src=\"https:\/\/geopool.wikstrommedia.dev\/wp-content\/uploads\/2022\/01\/01_01_01_geological-services_1.png\" class=\"attachment-full size-full wp-post-image\" alt=\"\" srcset=\"https:\/\/geopool.wikstrommedia.dev\/wp-content\/uploads\/2022\/01\/01_01_01_geological-services_1.png 424w, https:\/\/geopool.wikstrommedia.dev\/wp-content\/uploads\/2022\/01\/01_01_01_geological-services_1-300x148.png 300w\" sizes=\"(max-width: 424px) 100vw, 424px\" \/>                  <\/div>\r\n                  <div class=\"wm-card__text\">\r\n                    <h4>Kentt\u00e4&shy;palvelut<\/h4>\r\n                    <p>Meill\u00e4 on laaja kokemus Fennoskandian malminetsinn\u00e4st\u00e4, ja toteutamme kentt\u00e4tutkimusty\u00f6t turvallisesti ja vastuullisesti mahdollisimman v\u00e4h\u00e4isin ymp\u00e4rist\u00f6vaikutuksin. Lis\u00e4ksi tarjoamme laadukkaita tietoaineistoja ja geologisia tulkintoja malminetsint\u00e4kohteiden m\u00e4\u00e4ritt\u00e4miseksi. <\/p>\n                  <\/div>\r\n                <\/div>\r\n                <div class=\"wp-block-buttons\">\r\n                  <div class=\"wp-block-button\">\r\n                    <a class=\"wp-block-button__link\" href=\"https:\/\/geopool.wikstrommedia.dev\/fi\/service\/kenttapalvelut\/\">Tutustu tarkemmin<\/a> \r\n                  <\/div> \r\n                <\/div>\r\n              <\/div>\r\n            <\/div>\r\n        <\/div>\r\n                <div class=\"col-12 col-sm-6 col-lg-4\"> \r\n            <div class=\"wm-card\">\r\n              <div class=\"wm-card__inner\">\r\n                <div>\r\n                  <div class=\"wm-card__image\">\r\n                      <img decoding=\"async\" width=\"424\" height=\"209\" src=\"https:\/\/geopool.wikstrommedia.dev\/wp-content\/uploads\/2022\/01\/01_01_02_tenement-management_1.png\" class=\"attachment-full size-full wp-post-image\" alt=\"\" srcset=\"https:\/\/geopool.wikstrommedia.dev\/wp-content\/uploads\/2022\/01\/01_01_02_tenement-management_1.png 424w, https:\/\/geopool.wikstrommedia.dev\/wp-content\/uploads\/2022\/01\/01_01_02_tenement-management_1-300x148.png 300w\" sizes=\"(max-width: 424px) 100vw, 424px\" \/>                  <\/div>\r\n                  <div class=\"wm-card__text\">\r\n                    <h4>Lupa&shy;palvelut<\/h4>\r\n                    <p>GeoPool hallinnoi malminetsint\u00e4lupia Suomessa, Ruotsissa ja Norjassa. Yll\u00e4pid\u00e4mme hyvi\u00e4 suhteita paikallisiin viranomaisiin varmistaaksemme malminetsint\u00e4projektienne sujuvan etenemisen.<\/p>\n                  <\/div>\r\n                <\/div>\r\n                <div class=\"wp-block-buttons\">\r\n                  <div class=\"wp-block-button\">\r\n                    <a class=\"wp-block-button__link\" href=\"https:\/\/geopool.wikstrommedia.dev\/fi\/service\/lupapalvelut\/\">Tutustu tarkemmin<\/a> \r\n                  <\/div> \r\n                <\/div>\r\n              <\/div>\r\n            <\/div>\r\n        <\/div>\r\n                <div class=\"col-12 col-sm-6 col-lg-4\"> \r\n            <div class=\"wm-card\">\r\n              <div class=\"wm-card__inner\">\r\n                <div>\r\n                  <div class=\"wm-card__image\">\r\n                      <img decoding=\"async\" width=\"424\" height=\"209\" src=\"https:\/\/geopool.wikstrommedia.dev\/wp-content\/uploads\/2022\/01\/01_01_03_project-management_2.png\" class=\"attachment-full size-full wp-post-image\" alt=\"\" srcset=\"https:\/\/geopool.wikstrommedia.dev\/wp-content\/uploads\/2022\/01\/01_01_03_project-management_2.png 424w, https:\/\/geopool.wikstrommedia.dev\/wp-content\/uploads\/2022\/01\/01_01_03_project-management_2-300x148.png 300w\" sizes=\"(max-width: 424px) 100vw, 424px\" \/>                  <\/div>\r\n                  <div class=\"wm-card__text\">\r\n                    <h4>Konsultointi&shy;palvelut<\/h4>\r\n                    <p>GeoPoolilla on kokemusta uusien malminetsint\u00e4projektien k\u00e4ynnist\u00e4misest\u00e4 ja paikallisten tukikohtien perustamisesta kentt\u00e4toiminnan tueksi. Tarjoamme paikallisten s\u00e4\u00e4nn\u00f6sten mukaiset yrityshallinnon palvelut, jotta yrityksenne voi keskitty\u00e4 olennaiseen.<\/p>\n                  <\/div>\r\n                <\/div>\r\n                <div class=\"wp-block-buttons\">\r\n                  <div class=\"wp-block-button\">\r\n                    <a class=\"wp-block-button__link\" href=\"https:\/\/geopool.wikstrommedia.dev\/fi\/service\/konsultointipalvelut\/\">Tutustu tarkemmin<\/a> \r\n                  <\/div> \r\n                <\/div>\r\n              <\/div>\r\n            <\/div>\r\n        <\/div>\r\n            <\/div>\r\n\r\n    \n<\/div>\n<\/div>\n<\/div>\n<\/div>\n<\/div><\/div>\n\n\n\n<div class=\"wp-block-group wm-blockColor -bcTransparent\"><div class=\"wp-block-group__inner-container\">\n<div class=\"wp-block-columns align-items-center gy-row row\">\n<div class=\"wp-block-column col col-md-6 col-12\"><div class=\"wm-separator -left wm-mb-2\">   \r\n    <div class=\"wm-separator__inner\">\r\n        \n\n<h4 class=\"wp-block-heading\">02<\/h4>\n\n     \r\n    <\/div>  \r\n<\/div>\n\n\n<h2 class=\"wp-block-heading has-text-align-center-sm\">GEOPOOL<\/h2>\n\n\n\n<p>GeoPool on luotettava, kokonaisvaltainen malminetsint\u00e4teollisuuden palveluntarjoaja. Toimimme maailmanlaajuisesti keskittyen erityisesti Suomeen, Ruotsiin ja Norjaan, miss\u00e4 meill\u00e4 on paikallistuntemus markkinoista, kielist\u00e4 sek\u00e4 lains\u00e4\u00e4d\u00e4nn\u00f6st\u00e4. Asiakkaitamme ovat yritykset, jotka ty\u00f6skentelev\u00e4t raaka-aineiden turvaamiseksi tuleville sukupolville.<\/p>\n\n\n\n<p>GeoPoolin asiantuntijoilla on laaja kokemus malminetsinn\u00e4st\u00e4 aina kentt\u00e4t\u00f6ist\u00e4 projektinhallintaan, tiedottamiseen, lupateht\u00e4viin ja oikeudelliseen neuvontaan, mik\u00e4 tekee meist\u00e4 ainutlaatuisen alallamme. Toimintamme kautta yhdist\u00e4mme malminetsint\u00e4- ja kaivosyhti\u00f6t, sidosryhm\u00e4t, maanomistajat sek\u00e4 valvovat viranomaiset.<\/p>\n\n\n\n<p><em><strong><strong><em>R\u00e4\u00e4t\u00e4l\u00f6ity\u00e4 asiantuntemusta vastuulliseen malminetsint\u00e4\u00e4n.<\/em><\/strong><\/strong><\/em><\/p>\n\n\n\n<div class=\"wp-block-buttons wm-mt-5\">\n<div class=\"wp-block-button\"><a class=\"wp-block-button__link wp-element-button\" href=\"https:\/\/geopool.wikstrommedia.dev\/fi\/yritys\/#meidan-tiimimme\">Tiimimme<\/a><\/div>\n<\/div>\n<\/div>\n\n\n\n<div class=\"wp-block-column col col-md-6 col-12\">\n<figure class=\"wp-block-image size-full\"><img decoding=\"async\" width=\"798\" height=\"647\" src=\"https:\/\/geopool.wikstrommedia.dev\/wp-content\/uploads\/2022\/01\/01_02_geopool.png\" alt=\"\" class=\"wp-image-443\" srcset=\"https:\/\/geopool.wikstrommedia.dev\/wp-content\/uploads\/2022\/01\/01_02_geopool.png 798w, https:\/\/geopool.wikstrommedia.dev\/wp-content\/uploads\/2022\/01\/01_02_geopool-300x243.png 300w, https:\/\/geopool.wikstrommedia.dev\/wp-content\/uploads\/2022\/01\/01_02_geopool-768x623.png 768w\" sizes=\"(max-width: 798px) 100vw, 798px\" \/><\/figure>\n<\/div>\n<\/div>\n<\/div><\/div>\n\n\n\n<div class=\"wp-block-group pt-0 d-none wm-blockColor -bcTransparent\"><div class=\"wp-block-group__inner-container\">\n<div class=\"wp-block-columns flex-wrap-reverse align-items-center gx-4 gx-lg-8 gx-xxl-12 gx-xxxl-16 gy-row row\">\n<div class=\"wp-block-column col col-md-6 col-12\">\r\n    <div class=\"wm-rangeCarousel\">\r\n        <div class=\"wm-rangeCarousel__carousel\">\r\n                            <div class=\"wm-rangeCarousel__carouselItem\">\r\n                    <div class=\"wm-rangeCarousel__carouselItemImage\">\r\n                        <img decoding=\"async\" src=\"https:\/\/geopool.wikstrommedia.dev\/wp-content\/uploads\/2022\/02\/01_03_asd-products_01-1-1.jpg\">\r\n                    <\/div>\r\n                    <div class=\"wm-rangeCarousel__carouselItemDesc work-sans\">\r\n                        <b>ASD TerraSpec<\/b> range is designed for mineral exploration.                    <\/div> \r\n                <\/div>\r\n                            <div class=\"wm-rangeCarousel__carouselItem\">\r\n                    <div class=\"wm-rangeCarousel__carouselItemImage\">\r\n                        <img decoding=\"async\" src=\"https:\/\/geopool.wikstrommedia.dev\/wp-content\/uploads\/2022\/01\/group-277.png\">\r\n                    <\/div>\r\n                    <div class=\"wm-rangeCarousel__carouselItemDesc work-sans\">\r\n                        <b>ASD FieldSpec<\/b> range is suitable for remote sensing applications.                    <\/div> \r\n                <\/div>\r\n                            <div class=\"wm-rangeCarousel__carouselItem\">\r\n                    <div class=\"wm-rangeCarousel__carouselItemImage\">\r\n                        <img decoding=\"async\" src=\"https:\/\/geopool.wikstrommedia.dev\/wp-content\/uploads\/2022\/01\/group-278.png\">\r\n                    <\/div>\r\n                    <div class=\"wm-rangeCarousel__carouselItemDesc work-sans\">\r\n                        <b>ASD LabSpec<\/b> range fills the requirements of laboratory analysis.                    <\/div> \r\n                <\/div>\r\n                            <div class=\"wm-rangeCarousel__carouselItem\">\r\n                    <div class=\"wm-rangeCarousel__carouselItemImage\">\r\n                        <img decoding=\"async\" src=\"https:\/\/geopool.wikstrommedia.dev\/wp-content\/uploads\/2022\/01\/group-280.png\">\r\n                    <\/div>\r\n                    <div class=\"wm-rangeCarousel__carouselItemDesc work-sans\">\r\n                        <b>ASD QualitySpec<\/b> range can be used in industrial quality monitoring.                    <\/div> \r\n                <\/div>\r\n                    <\/div>\r\n        <div class=\"wm-rangeCarousel__arrows\">\r\n            <button class=\"wm-rangeCarousel__arrow -prev\"><i class=\"far fa-chevron-left\"><\/i><\/button>\r\n            <button class=\"wm-rangeCarousel__arrow -next\"><i class=\"far fa-chevron-right\"><\/i><\/button> \r\n        <\/div>\r\n    <\/div>\r\n\r\n    \n<\/div>\n\n\n\n<div class=\"wp-block-column col col-md-6 col-12\"><div class=\"wm-separator -left wm-mb-2\">   \r\n    <div class=\"wm-separator__inner\">\r\n        \n\n<h4 class=\"wp-block-heading\">03<\/h4>\n\n     \r\n    <\/div>  \r\n<\/div>\n\n\n<h2 class=\"wp-block-heading has-text-align-center-sm\">ASD PRODUCTS<\/h2>\n\n\n\n<p>We are a proud distributor of a selection of powerful exploration tools from Malvern Panalytical Ltd. The ASD range instruments include field-portable full-range UV\/Vis\/NIR\/SWIR spectrometers and spectroradiometers. Spectrometers detect the molecular structure of the target material in real-time, which can be applied in, for instance, mineral identification, alteration mapping and analysis. Spectroradiometers are also suitable for remote sensing and ground-truthing. <\/p>\n\n\n\n<p>At GeoPool, we use in-house ASD spectrometers to record alteration zoning both effectively and objectively.<\/p>\n\n\n\n<div class=\"wp-block-buttons wm-mt-5\">\n<div class=\"wp-block-button\"><a class=\"wp-block-button__link wp-element-button\" href=\"https:\/\/geopool.wikstrommedia.dev\/products\/\">ASD product catalogue<\/a><\/div>\n<\/div>\n<\/div>\n<\/div>\n<\/div><\/div>\n\n\n\n<div class=\"wp-block-cover wm-blockColor -bcTransparent\"><span aria-hidden=\"true\" class=\"wp-block-cover__background has-background-dim\"><\/span><img decoding=\"async\" width=\"1920\" height=\"1280\" class=\"wp-block-cover__image-background wp-image-74\" alt=\"\" src=\"https:\/\/geopool.wikstrommedia.dev\/wp-content\/uploads\/2022\/01\/contact-banner-bg.png\" style=\"object-position:50% 32%\" data-object-fit=\"cover\" data-object-position=\"50% 32%\" srcset=\"https:\/\/geopool.wikstrommedia.dev\/wp-content\/uploads\/2022\/01\/contact-banner-bg.png 1920w, https:\/\/geopool.wikstrommedia.dev\/wp-content\/uploads\/2022\/01\/contact-banner-bg-300x200.png 300w, https:\/\/geopool.wikstrommedia.dev\/wp-content\/uploads\/2022\/01\/contact-banner-bg-1024x683.png 1024w, https:\/\/geopool.wikstrommedia.dev\/wp-content\/uploads\/2022\/01\/contact-banner-bg-768x512.png 768w, https:\/\/geopool.wikstrommedia.dev\/wp-content\/uploads\/2022\/01\/contact-banner-bg-1536x1024.png 1536w\" sizes=\"(max-width: 1920px) 100vw, 1920px\" \/><div class=\"wp-block-cover__inner-container\">\n<div class=\"wp-block-columns row\">\n<div class=\"wp-block-column col\"><div class=\"wm-separator -center wm-mb-headings\">   \r\n    <div class=\"wm-separator__inner\">\r\n        \n\n<h4 class=\"wp-block-heading\"> 03<\/h4>\n\n     \r\n    <\/div>  \r\n<\/div>\n\n\n<h2 class=\"wp-block-heading has-text-align-center\">OTA YHTEYTT\u00c4<\/h2>\n\n\n\n<p class=\"has-text-align-center\">Suunnitteletteko malminetsint\u00e4\u00e4 Fennoskandiassa?<br>Tarvitsetteko apua nykyiseen malminetsint\u00e4projektiinne?<\/p>\n\n\n\n<p class=\"has-text-align-center work-sans\"><strong><strong>Ottakaa meihin yhteytt\u00e4! Toimitamme yrityksellenne r\u00e4\u00e4t\u00e4l\u00f6idyn malminetsint\u00e4ratkaisun.<\/strong><\/strong><\/p>\n\n\n\n<div class=\"wp-block-buttons justify-content-center\">\n<div class=\"wp-block-button\"><a class=\"wp-block-button__link wp-element-button\" href=\"https:\/\/geopool.wikstrommedia.dev\/fi\/yhteystiedot\/\">Yhteystietomme<\/a><\/div>\n<\/div>\n<\/div>\n<\/div>\n<\/div><\/div>\n","protected":false},"excerpt":{"rendered":"<p>GEOPOOL GeoPool on luotettava, kokonaisvaltainen malminetsint\u00e4teollisuuden palveluntarjoaja. Toimimme maailmanlaajuisesti keskittyen erityisesti Suomeen, Ruotsiin ja Norjaan, miss\u00e4 meill\u00e4 on paikallistuntemus markkinoista, kielist\u00e4 sek\u00e4 lains\u00e4\u00e4d\u00e4nn\u00f6st\u00e4. Asiakkaitamme ovat yritykset, jotka ty\u00f6skentelev\u00e4t raaka-aineiden turvaamiseksi tuleville sukupolville. GeoPoolin asiantuntijoilla on laaja kokemus malminetsinn\u00e4st\u00e4 aina kentt\u00e4t\u00f6ist\u00e4 projektinhallintaan, tiedottamiseen, lupateht\u00e4viin ja oikeudelliseen neuvontaan, mik\u00e4 tekee meist\u00e4 ainutlaatuisen alallamme. Toimintamme kautta yhdist\u00e4mme malminetsint\u00e4- &#8230; <a title=\"Etusivu\" class=\"read-more\" href=\"https:\/\/geopool.wikstrommedia.dev\/fi\/start\/\" aria-label=\"Lue lis\u00e4\u00e4 aiheesta Etusivu\">Lue lis\u00e4\u00e4<\/a><\/p>\n","protected":false},"author":2,"featured_media":0,"parent":0,"menu_order":0,"comment_status":"closed","ping_status":"closed","template":"","meta":{"inline_featured_image":false,"footnotes":""},"class_list":["post-511","page","type-page","status-publish"],"yoast_head":"<!-- This site is optimized with the Yoast SEO plugin v24.3 - https:\/\/yoast.com\/wordpress\/plugins\/seo\/ -->\n<title>Main site - Discovering together<\/title>\n<meta name=\"robots\" content=\"index, follow, max-snippet:-1, max-image-preview:large, max-video-preview:-1\" \/>\n<link rel=\"canonical\" href=\"https:\/\/geopool.wikstrommedia.dev\/fi\/\" \/>\n<meta property=\"og:locale\" content=\"fi_FI\" \/>\n<meta property=\"og:type\" content=\"article\" \/>\n<meta property=\"og:title\" content=\"Main site - Discovering together\" \/>\n<meta property=\"og:description\" content=\"GEOPOOL GeoPool on luotettava, kokonaisvaltainen malminetsint\u00e4teollisuuden palveluntarjoaja. Toimimme maailmanlaajuisesti keskittyen erityisesti Suomeen, Ruotsiin ja Norjaan, miss\u00e4 meill\u00e4 on paikallistuntemus markkinoista, kielist\u00e4 sek\u00e4 lains\u00e4\u00e4d\u00e4nn\u00f6st\u00e4. Asiakkaitamme ovat yritykset, jotka ty\u00f6skentelev\u00e4t raaka-aineiden turvaamiseksi tuleville sukupolville. GeoPoolin asiantuntijoilla on laaja kokemus malminetsinn\u00e4st\u00e4 aina kentt\u00e4t\u00f6ist\u00e4 projektinhallintaan, tiedottamiseen, lupateht\u00e4viin ja oikeudelliseen neuvontaan, mik\u00e4 tekee meist\u00e4 ainutlaatuisen alallamme. Toimintamme kautta yhdist\u00e4mme malminetsint\u00e4- ... Lue lis\u00e4\u00e4\" \/>\n<meta property=\"og:url\" content=\"https:\/\/geopool.wikstrommedia.dev\/fi\/\" \/>\n<meta property=\"og:site_name\" content=\"Main site\" \/>\n<meta property=\"article:modified_time\" content=\"2024-03-26T11:01:13+00:00\" \/>\n<meta property=\"og:image\" content=\"https:\/\/geopool.wikstrommedia.dev\/wp-content\/uploads\/2022\/01\/01_02_geopool.png\" \/>\n<meta name=\"twitter:card\" content=\"summary_large_image\" \/>\n<meta name=\"twitter:label1\" content=\"Arvioitu lukuaika\" \/>\n\t<meta name=\"twitter:data1\" content=\"2 minuuttia\" \/>\n<script type=\"application\/ld+json\" class=\"yoast-schema-graph\">{\"@context\":\"https:\/\/schema.org\",\"@graph\":[{\"@type\":\"WebPage\",\"@id\":\"https:\/\/geopool.wikstrommedia.dev\/fi\/\",\"url\":\"https:\/\/geopool.wikstrommedia.dev\/fi\/\",\"name\":\"Main site - Discovering together\",\"isPartOf\":{\"@id\":\"https:\/\/geopool.wikstrommedia.dev\/#website\"},\"primaryImageOfPage\":{\"@id\":\"https:\/\/geopool.wikstrommedia.dev\/fi\/#primaryimage\"},\"image\":{\"@id\":\"https:\/\/geopool.wikstrommedia.dev\/fi\/#primaryimage\"},\"thumbnailUrl\":\"https:\/\/geopool.wikstrommedia.dev\/wp-content\/uploads\/2022\/01\/01_02_geopool.png\",\"datePublished\":\"2021-11-12T14:32:23+00:00\",\"dateModified\":\"2024-03-26T11:01:13+00:00\",\"breadcrumb\":{\"@id\":\"https:\/\/geopool.wikstrommedia.dev\/fi\/#breadcrumb\"},\"inLanguage\":\"fi\",\"potentialAction\":[{\"@type\":\"ReadAction\",\"target\":[\"https:\/\/geopool.wikstrommedia.dev\/fi\/\"]}]},{\"@type\":\"ImageObject\",\"inLanguage\":\"fi\",\"@id\":\"https:\/\/geopool.wikstrommedia.dev\/fi\/#primaryimage\",\"url\":\"https:\/\/geopool.wikstrommedia.dev\/wp-content\/uploads\/2022\/01\/01_02_geopool.png\",\"contentUrl\":\"https:\/\/geopool.wikstrommedia.dev\/wp-content\/uploads\/2022\/01\/01_02_geopool.png\"},{\"@type\":\"BreadcrumbList\",\"@id\":\"https:\/\/geopool.wikstrommedia.dev\/fi\/#breadcrumb\",\"itemListElement\":[{\"@type\":\"ListItem\",\"position\":1,\"name\":\"Home\",\"item\":\"https:\/\/geopool.wikstrommedia.dev\/\"},{\"@type\":\"ListItem\",\"position\":2,\"name\":\"Etusivu\"}]},{\"@type\":\"WebSite\",\"@id\":\"https:\/\/geopool.wikstrommedia.dev\/#website\",\"url\":\"https:\/\/geopool.wikstrommedia.dev\/\",\"name\":\"Main site\",\"description\":\"Discovering together\",\"publisher\":{\"@id\":\"https:\/\/geopool.wikstrommedia.dev\/#organization\"},\"potentialAction\":[{\"@type\":\"SearchAction\",\"target\":{\"@type\":\"EntryPoint\",\"urlTemplate\":\"https:\/\/geopool.wikstrommedia.dev\/?s={search_term_string}\"},\"query-input\":{\"@type\":\"PropertyValueSpecification\",\"valueRequired\":true,\"valueName\":\"search_term_string\"}}],\"inLanguage\":\"fi\"},{\"@type\":\"Organization\",\"@id\":\"https:\/\/geopool.wikstrommedia.dev\/#organization\",\"name\":\"Main site\",\"url\":\"https:\/\/geopool.wikstrommedia.dev\/\",\"logo\":{\"@type\":\"ImageObject\",\"inLanguage\":\"fi\",\"@id\":\"https:\/\/geopool.wikstrommedia.dev\/#\/schema\/logo\/image\/\",\"url\":\"https:\/\/geopool.wikstrommedia.dev\/wp-content\/uploads\/2022\/01\/geopool_logo.svg\",\"contentUrl\":\"https:\/\/geopool.wikstrommedia.dev\/wp-content\/uploads\/2022\/01\/geopool_logo.svg\",\"caption\":\"Main site\"},\"image\":{\"@id\":\"https:\/\/geopool.wikstrommedia.dev\/#\/schema\/logo\/image\/\"}}]}<\/script>\n<!-- \/ Yoast SEO plugin. -->","yoast_head_json":{"title":"Main site - Discovering together","robots":{"index":"index","follow":"follow","max-snippet":"max-snippet:-1","max-image-preview":"max-image-preview:large","max-video-preview":"max-video-preview:-1"},"canonical":"https:\/\/geopool.wikstrommedia.dev\/fi\/","og_locale":"fi_FI","og_type":"article","og_title":"Main site - Discovering together","og_description":"GEOPOOL GeoPool on luotettava, kokonaisvaltainen malminetsint\u00e4teollisuuden palveluntarjoaja. Toimimme maailmanlaajuisesti keskittyen erityisesti Suomeen, Ruotsiin ja Norjaan, miss\u00e4 meill\u00e4 on paikallistuntemus markkinoista, kielist\u00e4 sek\u00e4 lains\u00e4\u00e4d\u00e4nn\u00f6st\u00e4. Asiakkaitamme ovat yritykset, jotka ty\u00f6skentelev\u00e4t raaka-aineiden turvaamiseksi tuleville sukupolville. GeoPoolin asiantuntijoilla on laaja kokemus malminetsinn\u00e4st\u00e4 aina kentt\u00e4t\u00f6ist\u00e4 projektinhallintaan, tiedottamiseen, lupateht\u00e4viin ja oikeudelliseen neuvontaan, mik\u00e4 tekee meist\u00e4 ainutlaatuisen alallamme. Toimintamme kautta yhdist\u00e4mme malminetsint\u00e4- ... Lue lis\u00e4\u00e4","og_url":"https:\/\/geopool.wikstrommedia.dev\/fi\/","og_site_name":"Main site","article_modified_time":"2024-03-26T11:01:13+00:00","og_image":[{"url":"https:\/\/geopool.wikstrommedia.dev\/wp-content\/uploads\/2022\/01\/01_02_geopool.png","type":"","width":"","height":""}],"twitter_card":"summary_large_image","twitter_misc":{"Arvioitu lukuaika":"2 minuuttia"},"schema":{"@context":"https:\/\/schema.org","@graph":[{"@type":"WebPage","@id":"https:\/\/geopool.wikstrommedia.dev\/fi\/","url":"https:\/\/geopool.wikstrommedia.dev\/fi\/","name":"Main site - Discovering together","isPartOf":{"@id":"https:\/\/geopool.wikstrommedia.dev\/#website"},"primaryImageOfPage":{"@id":"https:\/\/geopool.wikstrommedia.dev\/fi\/#primaryimage"},"image":{"@id":"https:\/\/geopool.wikstrommedia.dev\/fi\/#primaryimage"},"thumbnailUrl":"https:\/\/geopool.wikstrommedia.dev\/wp-content\/uploads\/2022\/01\/01_02_geopool.png","datePublished":"2021-11-12T14:32:23+00:00","dateModified":"2024-03-26T11:01:13+00:00","breadcrumb":{"@id":"https:\/\/geopool.wikstrommedia.dev\/fi\/#breadcrumb"},"inLanguage":"fi","potentialAction":[{"@type":"ReadAction","target":["https:\/\/geopool.wikstrommedia.dev\/fi\/"]}]},{"@type":"ImageObject","inLanguage":"fi","@id":"https:\/\/geopool.wikstrommedia.dev\/fi\/#primaryimage","url":"https:\/\/geopool.wikstrommedia.dev\/wp-content\/uploads\/2022\/01\/01_02_geopool.png","contentUrl":"https:\/\/geopool.wikstrommedia.dev\/wp-content\/uploads\/2022\/01\/01_02_geopool.png"},{"@type":"BreadcrumbList","@id":"https:\/\/geopool.wikstrommedia.dev\/fi\/#breadcrumb","itemListElement":[{"@type":"ListItem","position":1,"name":"Home","item":"https:\/\/geopool.wikstrommedia.dev\/"},{"@type":"ListItem","position":2,"name":"Etusivu"}]},{"@type":"WebSite","@id":"https:\/\/geopool.wikstrommedia.dev\/#website","url":"https:\/\/geopool.wikstrommedia.dev\/","name":"Main site","description":"Discovering together","publisher":{"@id":"https:\/\/geopool.wikstrommedia.dev\/#organization"},"potentialAction":[{"@type":"SearchAction","target":{"@type":"EntryPoint","urlTemplate":"https:\/\/geopool.wikstrommedia.dev\/?s={search_term_string}"},"query-input":{"@type":"PropertyValueSpecification","valueRequired":true,"valueName":"search_term_string"}}],"inLanguage":"fi"},{"@type":"Organization","@id":"https:\/\/geopool.wikstrommedia.dev\/#organization","name":"Main site","url":"https:\/\/geopool.wikstrommedia.dev\/","logo":{"@type":"ImageObject","inLanguage":"fi","@id":"https:\/\/geopool.wikstrommedia.dev\/#\/schema\/logo\/image\/","url":"https:\/\/geopool.wikstrommedia.dev\/wp-content\/uploads\/2022\/01\/geopool_logo.svg","contentUrl":"https:\/\/geopool.wikstrommedia.dev\/wp-content\/uploads\/2022\/01\/geopool_logo.svg","caption":"Main site"},"image":{"@id":"https:\/\/geopool.wikstrommedia.dev\/#\/schema\/logo\/image\/"}}]}},"_links":{"self":[{"href":"https:\/\/geopool.wikstrommedia.dev\/fi\/wp-json\/wp\/v2\/pages\/511","targetHints":{"allow":["GET"]}}],"collection":[{"href":"https:\/\/geopool.wikstrommedia.dev\/fi\/wp-json\/wp\/v2\/pages"}],"about":[{"href":"https:\/\/geopool.wikstrommedia.dev\/fi\/wp-json\/wp\/v2\/types\/page"}],"author":[{"embeddable":true,"href":"https:\/\/geopool.wikstrommedia.dev\/fi\/wp-json\/wp\/v2\/users\/2"}],"replies":[{"embeddable":true,"href":"https:\/\/geopool.wikstrommedia.dev\/fi\/wp-json\/wp\/v2\/comments?post=511"}],"version-history":[{"count":0,"href":"https:\/\/geopool.wikstrommedia.dev\/fi\/wp-json\/wp\/v2\/pages\/511\/revisions"}],"wp:attachment":[{"href":"https:\/\/geopool.wikstrommedia.dev\/fi\/wp-json\/wp\/v2\/media?parent=511"}],"curies":[{"name":"wp","href":"https:\/\/api.w.org\/{rel}","templated":true}]}}