{"id":1083,"date":"2023-08-16T16:01:01","date_gmt":"2023-08-16T13:01:01","guid":{"rendered":"https:\/\/www.geopool.fi\/careers\/"},"modified":"2025-02-13T17:13:59","modified_gmt":"2025-02-13T15:13:59","slug":"urat","status":"publish","type":"page","link":"https:\/\/geopool.wikstrommedia.dev\/fi\/urat\/","title":{"rendered":"Urat"},"content":{"rendered":"\n<div class=\"wp-block-cover has-background-dim has-parallax wm-header -subPage wm-blockColor -bcTransparent\" style=\"background-image:url(https:\/\/geopool.wikstrommedia.dev\/wp-content\/uploads\/2022\/01\/geopool_careers.jpg)\"><div class=\"wp-block-cover__inner-container\">\n<div class=\"wp-block-columns row\">\n<div class=\"wp-block-column col\">\n<h1 class=\"has-text-align-center\">URAT<\/h1>\n<\/div>\n<\/div>\n<\/div><\/div>\n\n\n\n<div class=\"wp-block-group wm-pt-12 pb-0 wm-blockColor -bcWhite\"><div class=\"wp-block-group__inner-container\">\n<div class=\"wp-block-columns justify-content-center row\">\n<div class=\"wp-block-column col col-md-8 col-12\">\n<h3 class=\"has-text-align-center wp-block-heading\">L\u00c4HDE ETSIM\u00c4\u00c4N KANSSAMME!<\/h3>\n\n\n\n<p class=\"has-text-align-center\"><strong>Rekrytoimme jatkuvasti uusia GeoPoolilaisia asiantuntijaorganisaatioomme.<\/strong> GeoPool tarjoaa monenlaisia urapolkuja malminetsinn\u00e4ss\u00e4 ja geologisessa tutkimuksessa.<\/p>\n\n\n\n<p class=\"has-text-align-center\">GeoPoolissa voit kehitt\u00e4\u00e4 osaamistasi ty\u00f6skentelem\u00e4ll\u00e4 malminetsinn\u00e4n eri vaiheissa erilaisten Pohjoismaissa toimivien asiakkaiden parissa. Organisaatiossamme sinulla on mahdollisuus tarjota ratkaisuja, jotka hy\u00f6dytt\u00e4v\u00e4t asiakkaitamme, paikallisyhteis\u00f6j\u00e4 sek\u00e4 koko toimialaa. Mielest\u00e4mme sosiaalisen toimiluvan ansaitseminen ja s\u00e4ilytt\u00e4minen on avain menestyksekk\u00e4\u00e4seen malminetsint\u00e4\u00e4n.<\/p>\n<\/div>\n<\/div>\n<\/div><\/div>\n\n\n\n<div class=\"wp-block-group wm-pt-12 wm-blockColor -bcWhite\"><div class=\"wp-block-group__inner-container\">\n<div class=\"wp-block-columns row\">\n<div class=\"wp-block-column col\">\n<h5 class=\"has-text-align-center wm-mb-5 wp-block-heading\">AVOIMET TY\u00d6PAIKAT<\/h5>\n\n\n        <div class=\"row wm-jobs\">\r\n                            <div class=\"col-12 col-sm-6 col-lg-4\"> \r\n                    <div class=\"wm-card -white\">\r\n                    <div class=\"wm-card__inner\">\r\n                        <div>\r\n                        <div class=\"wm-card__image\">\r\n                            <img decoding=\"async\" width=\"500\" height=\"367\" src=\"https:\/\/geopool.wikstrommedia.dev\/wp-content\/uploads\/2024\/01\/kalliomaisema_edit2-2-500x367.jpg\" class=\"attachment-medium size-medium wp-post-image\" alt=\"\" srcset=\"https:\/\/geopool.wikstrommedia.dev\/wp-content\/uploads\/2024\/01\/kalliomaisema_edit2-2-500x367.jpg 500w, https:\/\/geopool.wikstrommedia.dev\/wp-content\/uploads\/2024\/01\/kalliomaisema_edit2-2-1024x751.jpg 1024w, https:\/\/geopool.wikstrommedia.dev\/wp-content\/uploads\/2024\/01\/kalliomaisema_edit2-2-768x563.jpg 768w, https:\/\/geopool.wikstrommedia.dev\/wp-content\/uploads\/2024\/01\/kalliomaisema_edit2-2-1536x1126.jpg 1536w, https:\/\/geopool.wikstrommedia.dev\/wp-content\/uploads\/2024\/01\/kalliomaisema_edit2-2-2048x1502.jpg 2048w\" sizes=\"(max-width: 500px) 100vw, 500px\" \/> \r\n                        <\/div>\r\n                        <div class=\"wm-card__text\">\r\n                            <h6 class=\"open-sans\">Yhteis\u00f6koordinaattori<\/h6>\r\n                            <p>Toimit aktiivisessa vuorovaikutuksessa sidosryhmien ja asiakkaiden v\u00e4lill\u00e4. Kehit\u00e4t eri osapuolien yhteisty\u00f6t\u00e4, rakennat uusia suhteita ja edist\u00e4t toimivaa viestint\u00e4\u00e4. J\u00e4rjest\u00e4t tapaamisia ja yleis\u00f6tilaisuuksia.<\/p>\n                        <\/div>\r\n                        <\/div>\r\n                        <div class=\"wp-block-buttons\">\r\n                        <div class=\"wp-block-button\">\r\n                            <a class=\"wp-block-button__link\" href=\"https:\/\/geopool.wikstrommedia.dev\/fi\/job\/yhteisokoordinaattori\/\">Lue lis\u00e4\u00e4<\/a> \r\n                        <\/div> \r\n                        <\/div>\r\n                    <\/div>\r\n                    <\/div>\r\n                <\/div>\r\n                            <div class=\"col-12 col-sm-6 col-lg-4\"> \r\n                    <div class=\"wm-card -white\">\r\n                    <div class=\"wm-card__inner\">\r\n                        <div>\r\n                        <div class=\"wm-card__image\">\r\n                            <img decoding=\"async\" width=\"500\" height=\"368\" src=\"https:\/\/geopool.wikstrommedia.dev\/wp-content\/uploads\/2022\/01\/01_geologiharjoittelija-1-500x368.jpg\" class=\"attachment-medium size-medium wp-post-image\" alt=\"\" srcset=\"https:\/\/geopool.wikstrommedia.dev\/wp-content\/uploads\/2022\/01\/01_geologiharjoittelija-1-500x368.jpg 500w, https:\/\/geopool.wikstrommedia.dev\/wp-content\/uploads\/2022\/01\/01_geologiharjoittelija-1.jpg 604w\" sizes=\"(max-width: 500px) 100vw, 500px\" \/> \r\n                        <\/div>\r\n                        <div class=\"wm-card__text\">\r\n                            <h6 class=\"open-sans\">Geologiharjoittelija kentt\u00e4kaudelle<\/h6>\r\n                            <p>Osallistut malminetsinn\u00e4n kentt\u00e4tutkimuksiin projektipaikkakunnalla. Tutustut samalla monipuolisesti malminetsinn\u00e4n vaiheisiin ja asiakasty\u00f6h\u00f6n. Teht\u00e4v\u00e4 on m\u00e4\u00e4r\u00e4aikainen, mutta ty\u00f6t saattavat jatkua kentt\u00e4kauden j\u00e4lkeen. <\/p>\n                        <\/div>\r\n                        <\/div>\r\n                        <div class=\"wp-block-buttons\">\r\n                        <div class=\"wp-block-button\">\r\n                            <a class=\"wp-block-button__link\" href=\"https:\/\/geopool.wikstrommedia.dev\/fi\/job\/geologiharjoittelija-kenttakaudelle\/\">Lue lis\u00e4\u00e4<\/a> \r\n                        <\/div> \r\n                        <\/div>\r\n                    <\/div>\r\n                    <\/div>\r\n                <\/div>\r\n                            <div class=\"col-12 col-sm-6 col-lg-4\"> \r\n                    <div class=\"wm-card -white\">\r\n                    <div class=\"wm-card__inner\">\r\n                        <div>\r\n                        <div class=\"wm-card__image\">\r\n                            <img decoding=\"async\" width=\"500\" height=\"368\" src=\"https:\/\/geopool.wikstrommedia.dev\/wp-content\/uploads\/2022\/01\/03_expert-geoscientist-500x368.jpg\" class=\"attachment-medium size-medium wp-post-image\" alt=\"\" srcset=\"https:\/\/geopool.wikstrommedia.dev\/wp-content\/uploads\/2022\/01\/03_expert-geoscientist-500x368.jpg 500w, https:\/\/geopool.wikstrommedia.dev\/wp-content\/uploads\/2022\/01\/03_expert-geoscientist.jpg 604w\" sizes=\"(max-width: 500px) 100vw, 500px\" \/> \r\n                        <\/div>\r\n                        <div class=\"wm-card__text\">\r\n                            <h6 class=\"open-sans\">Geotieteen erityisasiantuntija<\/h6>\r\n                            <p>Haluatko laajentaa nykyist\u00e4 palveluvalikoimaamme tai perustaa kokonaan uuden osaston GeoPooliin? Ohjaat tutkimusprojekteja sek\u00e4 henkil\u00f6st\u00f6\u00e4mme asiantuntijuusalueellasi. Kehit\u00e4t uusia menetelmi\u00e4 ja toimintatapoja.<\/p>\n                        <\/div>\r\n                        <\/div>\r\n                        <div class=\"wp-block-buttons\">\r\n                        <div class=\"wp-block-button\">\r\n                            <a class=\"wp-block-button__link\" href=\"https:\/\/geopool.wikstrommedia.dev\/fi\/job\/geotieteen-erityisasiantuntija\/\">Lue lis\u00e4\u00e4<\/a> \r\n                        <\/div> \r\n                        <\/div>\r\n                    <\/div>\r\n                    <\/div>\r\n                <\/div>\r\n                            <div class=\"col-12 col-sm-6 col-lg-4\"> \r\n                    <div class=\"wm-card -white\">\r\n                    <div class=\"wm-card__inner\">\r\n                        <div>\r\n                        <div class=\"wm-card__image\">\r\n                            <img decoding=\"async\" width=\"500\" height=\"368\" src=\"https:\/\/geopool.wikstrommedia.dev\/wp-content\/uploads\/2022\/01\/04_senior-geologist-500x368.jpg\" class=\"attachment-medium size-medium wp-post-image\" alt=\"\" srcset=\"https:\/\/geopool.wikstrommedia.dev\/wp-content\/uploads\/2022\/01\/04_senior-geologist-500x368.jpg 500w, https:\/\/geopool.wikstrommedia.dev\/wp-content\/uploads\/2022\/01\/04_senior-geologist.jpg 604w\" sizes=\"(max-width: 500px) 100vw, 500px\" \/> \r\n                        <\/div>\r\n                        <div class=\"wm-card__text\">\r\n                            <h6 class=\"open-sans\">Vanhempi malminetsint\u00e4&shy;geologi<\/h6>\r\n                            <p>Johdat ja suunnittelet eri projektien malminetsint\u00e4toimia. Laadit turvallisuus-, ymp\u00e4rist\u00f6- ja laadunvalvontak\u00e4yt\u00e4nt\u00f6j\u00e4. Pid\u00e4t yhteytt\u00e4 toimeksiantajiin, urakoitsijoihin ja sidosryhmiin. Hallinnoit projektin henkil\u00f6st\u00f6\u00e4, budjettia ja sopimuksia.<\/p>\n                        <\/div>\r\n                        <\/div>\r\n                        <div class=\"wp-block-buttons\">\r\n                        <div class=\"wp-block-button\">\r\n                            <a class=\"wp-block-button__link\" href=\"https:\/\/geopool.wikstrommedia.dev\/fi\/job\/vanhempi-malminetsintageologi\/\">Lue lis\u00e4\u00e4<\/a> \r\n                        <\/div> \r\n                        <\/div>\r\n                    <\/div>\r\n                    <\/div>\r\n                <\/div>\r\n                            <div class=\"col-12 col-sm-6 col-lg-4\"> \r\n                    <div class=\"wm-card -white\">\r\n                    <div class=\"wm-card__inner\">\r\n                        <div>\r\n                        <div class=\"wm-card__image\">\r\n                            <img decoding=\"async\" width=\"500\" height=\"368\" src=\"https:\/\/geopool.wikstrommedia.dev\/wp-content\/uploads\/2022\/01\/05_malminetsintageologi-500x368.jpg\" class=\"attachment-medium size-medium wp-post-image\" alt=\"\" srcset=\"https:\/\/geopool.wikstrommedia.dev\/wp-content\/uploads\/2022\/01\/05_malminetsintageologi-500x368.jpg 500w, https:\/\/geopool.wikstrommedia.dev\/wp-content\/uploads\/2022\/01\/05_malminetsintageologi.jpg 604w\" sizes=\"(max-width: 500px) 100vw, 500px\" \/> \r\n                        <\/div>\r\n                        <div class=\"wm-card__text\">\r\n                            <h6 class=\"open-sans\">Malminetsint\u00e4&shy;geologi<\/h6>\r\n                            <p>J\u00e4rjest\u00e4t tutkimusty\u00f6t projektipaikkakunnalla ja osallistut tarvittaessa n\u00e4ytteenottoon maastossa. Raportoit geologisia n\u00e4ytteit\u00e4 ja huolehdit niiden jatkok\u00e4sittelyst\u00e4. Toimeenpanet sovitut turvallisuus- ja laadunvalvontak\u00e4yt\u00e4nteet.<\/p>\n                        <\/div>\r\n                        <\/div>\r\n                        <div class=\"wp-block-buttons\">\r\n                        <div class=\"wp-block-button\">\r\n                            <a class=\"wp-block-button__link\" href=\"https:\/\/geopool.wikstrommedia.dev\/fi\/job\/malminetsintageologi\/\">Lue lis\u00e4\u00e4<\/a> \r\n                        <\/div> \r\n                        <\/div>\r\n                    <\/div>\r\n                    <\/div>\r\n                <\/div>\r\n                            <div class=\"col-12 col-sm-6 col-lg-4\"> \r\n                    <div class=\"wm-card -white\">\r\n                    <div class=\"wm-card__inner\">\r\n                        <div>\r\n                        <div class=\"wm-card__image\">\r\n                            <img decoding=\"async\" width=\"500\" height=\"368\" src=\"https:\/\/geopool.wikstrommedia.dev\/wp-content\/uploads\/2022\/01\/06_teknikko-500x368.jpg\" class=\"attachment-medium size-medium wp-post-image\" alt=\"\" srcset=\"https:\/\/geopool.wikstrommedia.dev\/wp-content\/uploads\/2022\/01\/06_teknikko-500x368.jpg 500w, https:\/\/geopool.wikstrommedia.dev\/wp-content\/uploads\/2022\/01\/06_teknikko.jpg 604w\" sizes=\"(max-width: 500px) 100vw, 500px\" \/> \r\n                        <\/div>\r\n                        <div class=\"wm-card__text\">\r\n                            <h6 class=\"open-sans\">Teknikko<\/h6>\r\n                            <p>Vastaat geologisen tutkimusty\u00f6n tukitoiminnoista projektipaikkakunnalla. Osallistut n\u00e4ytteiden k\u00e4sittelyyn sek\u00e4 huolehdit tutkimuskohteiden valmistelusta ja j\u00e4lkihoidosta maastossa. Avustat toimitilojen ja ty\u00f6v\u00e4lineiden yll\u00e4pidossa, hankinnoissa sek\u00e4 logistiikassa.<\/p>\n                        <\/div>\r\n                        <\/div>\r\n                        <div class=\"wp-block-buttons\">\r\n                        <div class=\"wp-block-button\">\r\n                            <a class=\"wp-block-button__link\" href=\"https:\/\/geopool.wikstrommedia.dev\/fi\/job\/teknikko\/\">Lue lis\u00e4\u00e4<\/a> \r\n                        <\/div> \r\n                        <\/div>\r\n                    <\/div>\r\n                    <\/div>\r\n                <\/div>\r\n                    <\/div>\r\n\r\n    \n<\/div>\n<\/div>\n<\/div><\/div>\n","protected":false},"excerpt":{"rendered":"<p>URAT L\u00c4HDE ETSIM\u00c4\u00c4N KANSSAMME! Rekrytoimme jatkuvasti uusia GeoPoolilaisia asiantuntijaorganisaatioomme. GeoPool tarjoaa monenlaisia urapolkuja malminetsinn\u00e4ss\u00e4 ja geologisessa tutkimuksessa. GeoPoolissa voit kehitt\u00e4\u00e4 osaamistasi ty\u00f6skentelem\u00e4ll\u00e4 malminetsinn\u00e4n eri vaiheissa erilaisten Pohjoismaissa toimivien asiakkaiden parissa. Organisaatiossamme sinulla on mahdollisuus tarjota ratkaisuja, jotka hy\u00f6dytt\u00e4v\u00e4t asiakkaitamme, paikallisyhteis\u00f6j\u00e4 sek\u00e4 koko toimialaa. Mielest\u00e4mme sosiaalisen toimiluvan ansaitseminen ja s\u00e4ilytt\u00e4minen on avain menestyksekk\u00e4\u00e4seen malminetsint\u00e4\u00e4n. AVOIMET TY\u00d6PAIKAT<\/p>\n","protected":false},"author":2,"featured_media":0,"parent":0,"menu_order":0,"comment_status":"closed","ping_status":"closed","template":"","meta":{"inline_featured_image":false,"footnotes":""},"class_list":["post-1083","page","type-page","status-publish"],"yoast_head":"<!-- This site is optimized with the Yoast SEO plugin v24.3 - https:\/\/yoast.com\/wordpress\/plugins\/seo\/ -->\n<title>Urat - Main site<\/title>\n<meta name=\"description\" content=\"GeoPool offers a wide range of career path possibilities in the scope of exploration and geological research.\" \/>\n<meta name=\"robots\" content=\"index, follow, max-snippet:-1, max-image-preview:large, max-video-preview:-1\" \/>\n<link rel=\"canonical\" href=\"https:\/\/geopool.wikstrommedia.dev\/fi\/urat\/\" \/>\n<meta property=\"og:locale\" content=\"fi_FI\" \/>\n<meta property=\"og:type\" content=\"article\" \/>\n<meta property=\"og:title\" content=\"Urat - Main site\" \/>\n<meta property=\"og:description\" content=\"GeoPool offers a wide range of career path possibilities in the scope of exploration and geological research.\" \/>\n<meta property=\"og:url\" content=\"https:\/\/geopool.wikstrommedia.dev\/fi\/urat\/\" \/>\n<meta property=\"og:site_name\" content=\"Main site\" \/>\n<meta property=\"article:modified_time\" content=\"2025-02-13T15:13:59+00:00\" \/>\n<meta name=\"twitter:card\" content=\"summary_large_image\" \/>\n<script type=\"application\/ld+json\" class=\"yoast-schema-graph\">{\"@context\":\"https:\/\/schema.org\",\"@graph\":[{\"@type\":\"WebPage\",\"@id\":\"https:\/\/geopool.wikstrommedia.dev\/fi\/urat\/\",\"url\":\"https:\/\/geopool.wikstrommedia.dev\/fi\/urat\/\",\"name\":\"Urat - Main site\",\"isPartOf\":{\"@id\":\"https:\/\/geopool.wikstrommedia.dev\/#website\"},\"datePublished\":\"2023-08-16T13:01:01+00:00\",\"dateModified\":\"2025-02-13T15:13:59+00:00\",\"description\":\"GeoPool offers a wide range of career path possibilities in the scope of exploration and geological research.\",\"breadcrumb\":{\"@id\":\"https:\/\/geopool.wikstrommedia.dev\/fi\/urat\/#breadcrumb\"},\"inLanguage\":\"fi\",\"potentialAction\":[{\"@type\":\"ReadAction\",\"target\":[\"https:\/\/geopool.wikstrommedia.dev\/fi\/urat\/\"]}]},{\"@type\":\"BreadcrumbList\",\"@id\":\"https:\/\/geopool.wikstrommedia.dev\/fi\/urat\/#breadcrumb\",\"itemListElement\":[{\"@type\":\"ListItem\",\"position\":1,\"name\":\"Home\",\"item\":\"https:\/\/geopool.wikstrommedia.dev\/\"},{\"@type\":\"ListItem\",\"position\":2,\"name\":\"Urat\"}]},{\"@type\":\"WebSite\",\"@id\":\"https:\/\/geopool.wikstrommedia.dev\/#website\",\"url\":\"https:\/\/geopool.wikstrommedia.dev\/\",\"name\":\"Main site\",\"description\":\"Discovering together\",\"publisher\":{\"@id\":\"https:\/\/geopool.wikstrommedia.dev\/#organization\"},\"potentialAction\":[{\"@type\":\"SearchAction\",\"target\":{\"@type\":\"EntryPoint\",\"urlTemplate\":\"https:\/\/geopool.wikstrommedia.dev\/?s={search_term_string}\"},\"query-input\":{\"@type\":\"PropertyValueSpecification\",\"valueRequired\":true,\"valueName\":\"search_term_string\"}}],\"inLanguage\":\"fi\"},{\"@type\":\"Organization\",\"@id\":\"https:\/\/geopool.wikstrommedia.dev\/#organization\",\"name\":\"Main site\",\"url\":\"https:\/\/geopool.wikstrommedia.dev\/\",\"logo\":{\"@type\":\"ImageObject\",\"inLanguage\":\"fi\",\"@id\":\"https:\/\/geopool.wikstrommedia.dev\/#\/schema\/logo\/image\/\",\"url\":\"https:\/\/geopool.wikstrommedia.dev\/wp-content\/uploads\/2022\/01\/geopool_logo.svg\",\"contentUrl\":\"https:\/\/geopool.wikstrommedia.dev\/wp-content\/uploads\/2022\/01\/geopool_logo.svg\",\"caption\":\"Main site\"},\"image\":{\"@id\":\"https:\/\/geopool.wikstrommedia.dev\/#\/schema\/logo\/image\/\"}}]}<\/script>\n<!-- \/ Yoast SEO plugin. -->","yoast_head_json":{"title":"Urat - Main site","description":"GeoPool offers a wide range of career path possibilities in the scope of exploration and geological research.","robots":{"index":"index","follow":"follow","max-snippet":"max-snippet:-1","max-image-preview":"max-image-preview:large","max-video-preview":"max-video-preview:-1"},"canonical":"https:\/\/geopool.wikstrommedia.dev\/fi\/urat\/","og_locale":"fi_FI","og_type":"article","og_title":"Urat - Main site","og_description":"GeoPool offers a wide range of career path possibilities in the scope of exploration and geological research.","og_url":"https:\/\/geopool.wikstrommedia.dev\/fi\/urat\/","og_site_name":"Main site","article_modified_time":"2025-02-13T15:13:59+00:00","twitter_card":"summary_large_image","schema":{"@context":"https:\/\/schema.org","@graph":[{"@type":"WebPage","@id":"https:\/\/geopool.wikstrommedia.dev\/fi\/urat\/","url":"https:\/\/geopool.wikstrommedia.dev\/fi\/urat\/","name":"Urat - Main site","isPartOf":{"@id":"https:\/\/geopool.wikstrommedia.dev\/#website"},"datePublished":"2023-08-16T13:01:01+00:00","dateModified":"2025-02-13T15:13:59+00:00","description":"GeoPool offers a wide range of career path possibilities in the scope of exploration and geological research.","breadcrumb":{"@id":"https:\/\/geopool.wikstrommedia.dev\/fi\/urat\/#breadcrumb"},"inLanguage":"fi","potentialAction":[{"@type":"ReadAction","target":["https:\/\/geopool.wikstrommedia.dev\/fi\/urat\/"]}]},{"@type":"BreadcrumbList","@id":"https:\/\/geopool.wikstrommedia.dev\/fi\/urat\/#breadcrumb","itemListElement":[{"@type":"ListItem","position":1,"name":"Home","item":"https:\/\/geopool.wikstrommedia.dev\/"},{"@type":"ListItem","position":2,"name":"Urat"}]},{"@type":"WebSite","@id":"https:\/\/geopool.wikstrommedia.dev\/#website","url":"https:\/\/geopool.wikstrommedia.dev\/","name":"Main site","description":"Discovering together","publisher":{"@id":"https:\/\/geopool.wikstrommedia.dev\/#organization"},"potentialAction":[{"@type":"SearchAction","target":{"@type":"EntryPoint","urlTemplate":"https:\/\/geopool.wikstrommedia.dev\/?s={search_term_string}"},"query-input":{"@type":"PropertyValueSpecification","valueRequired":true,"valueName":"search_term_string"}}],"inLanguage":"fi"},{"@type":"Organization","@id":"https:\/\/geopool.wikstrommedia.dev\/#organization","name":"Main site","url":"https:\/\/geopool.wikstrommedia.dev\/","logo":{"@type":"ImageObject","inLanguage":"fi","@id":"https:\/\/geopool.wikstrommedia.dev\/#\/schema\/logo\/image\/","url":"https:\/\/geopool.wikstrommedia.dev\/wp-content\/uploads\/2022\/01\/geopool_logo.svg","contentUrl":"https:\/\/geopool.wikstrommedia.dev\/wp-content\/uploads\/2022\/01\/geopool_logo.svg","caption":"Main site"},"image":{"@id":"https:\/\/geopool.wikstrommedia.dev\/#\/schema\/logo\/image\/"}}]}},"_links":{"self":[{"href":"https:\/\/geopool.wikstrommedia.dev\/fi\/wp-json\/wp\/v2\/pages\/1083","targetHints":{"allow":["GET"]}}],"collection":[{"href":"https:\/\/geopool.wikstrommedia.dev\/fi\/wp-json\/wp\/v2\/pages"}],"about":[{"href":"https:\/\/geopool.wikstrommedia.dev\/fi\/wp-json\/wp\/v2\/types\/page"}],"author":[{"embeddable":true,"href":"https:\/\/geopool.wikstrommedia.dev\/fi\/wp-json\/wp\/v2\/users\/2"}],"replies":[{"embeddable":true,"href":"https:\/\/geopool.wikstrommedia.dev\/fi\/wp-json\/wp\/v2\/comments?post=1083"}],"version-history":[{"count":0,"href":"https:\/\/geopool.wikstrommedia.dev\/fi\/wp-json\/wp\/v2\/pages\/1083\/revisions"}],"wp:attachment":[{"href":"https:\/\/geopool.wikstrommedia.dev\/fi\/wp-json\/wp\/v2\/media?parent=1083"}],"curies":[{"name":"wp","href":"https:\/\/api.w.org\/{rel}","templated":true}]}}